{"id":320,"date":"2024-05-12T19:32:47","date_gmt":"2024-05-12T17:32:47","guid":{"rendered":"https:\/\/join.powerpeopleproject.com\/cookies-und-datenschutzbestimmungen\/"},"modified":"2024-11-20T19:05:06","modified_gmt":"2024-11-20T18:05:06","slug":"cookies-und-datenschutzbestimmungen","status":"publish","type":"page","link":"https:\/\/join.powerpeopleproject.com\/de\/cookies-und-datenschutzbestimmungen\/","title":{"rendered":"Cookies und Datenschutzbestimmungen"},"content":{"rendered":"\t\t<div data-elementor-type=\"wp-page\" data-elementor-id=\"320\" class=\"elementor elementor-320 elementor-188\" data-elementor-post-type=\"page\">\n\t\t\t\t<div class=\"elementor-element elementor-element-4f87fac e-flex e-con-boxed e-con e-parent\" data-id=\"4f87fac\" data-element_type=\"container\" data-e-type=\"container\">\n\t\t\t\t\t<div class=\"e-con-inner\">\n\t\t\t\t<div class=\"elementor-element elementor-element-d10a572 elementor-widget elementor-widget-spacer\" data-id=\"d10a572\" data-element_type=\"widget\" data-e-type=\"widget\" data-widget_type=\"spacer.default\">\n\t\t\t\t<div class=\"elementor-widget-container\">\n\t\t\t\t\t\t\t<div class=\"elementor-spacer\">\n\t\t\t<div class=\"elementor-spacer-inner\"><\/div>\n\t\t<\/div>\n\t\t\t\t\t\t<\/div>\n\t\t\t\t<\/div>\n\t\t\t\t<div class=\"elementor-element elementor-element-3c8df44 elementor-widget elementor-widget-heading\" data-id=\"3c8df44\" data-element_type=\"widget\" data-e-type=\"widget\" data-widget_type=\"heading.default\">\n\t\t\t\t<div class=\"elementor-widget-container\">\n\t\t\t\t\t<h1 class=\"elementor-heading-title elementor-size-default\">Cookies und Datenschutzbestimmungen<\/h1>\t\t\t\t<\/div>\n\t\t\t\t<\/div>\n\t\t\t\t\t<\/div>\n\t\t\t\t<\/div>\n\t\t<div class=\"elementor-element elementor-element-0b7ada3 e-flex e-con-boxed e-con e-parent\" data-id=\"0b7ada3\" data-element_type=\"container\" data-e-type=\"container\">\n\t\t\t\t\t<div class=\"e-con-inner\">\n\t\t\t\t<div class=\"elementor-element elementor-element-ea71cc6 elementor-widget elementor-widget-text-editor\" data-id=\"ea71cc6\" data-element_type=\"widget\" data-e-type=\"widget\" data-widget_type=\"text-editor.default\">\n\t\t\t\t<div class=\"elementor-widget-container\">\n\t\t\t\t\t\t\t\t\t<p style=\"text-align: center;\">\u00a0<\/p><p style=\"text-align: center;\"><strong>Gilt f\u00fcr PPP &#8211; Power People Project\u2122 Hedonist Photo &#8211; Visuals &amp; SEO<\/strong><\/p><p style=\"text-align: center;\">CVR-Nummer: 43612395\u00a0<\/p><p style=\"text-align: center;\">Anschrift: Telegade 1, 1., 2630 Taastrup, D\u00e4nemark<\/p><p><strong>Einf\u00fchrung<\/strong><\/p><p>F\u00fcr PPP &#8211; Power People Project ist der Schutz der Privatsph\u00e4re unserer Besucher eine unserer h\u00f6chsten Priorit\u00e4ten.<br \/>Diese Cookie- und Datenschutzrichtlinie beschreibt die Arten von Informationen, die von powerpeopleproject.com und allen Subdomains (wie join.powerpeopleproject.com) gesammelt und aufgezeichnet werden, und wie wir sie verwenden.<\/p><p><strong>Was sind Cookies?<\/strong><\/p><p>Cookies sind kleine Dateien, die von einer Website auf Ihrem Computer, Mobilger\u00e4t oder einem anderen Ger\u00e4t abgelegt werden und unter anderem Informationen \u00fcber Ihren Browserverlauf auf dieser Website enthalten.<\/p><p><strong>Verwendung von Cookies<\/strong><\/p><p>Unsere Website join.powerpeopleprject.com verwendet Cookies, um die Benutzerfreundlichkeit zu verbessern.<br \/>Bei Ihrem ersten Besuch auf unserer Website werden Sie aufgefordert, der Verwendung von Cookies zuzustimmen, und Sie k\u00f6nnen sich jederzeit dagegen entscheiden.<\/p><p><strong>Informationen, die wir sammeln<\/strong><\/p><p>Wenn Sie unsere Website besuchen, k\u00f6nnen wir die folgenden Arten von Informationen sammeln:<\/p><ul><li><strong>Pers\u00f6nliche Identifikationsdaten<\/strong>: Zum Beispiel Ihr Name, Ihre E-Mail-Adresse und Ihre Telefonnummer, wenn Sie unser Kontaktformular benutzen.<\/li><li><strong>Anonyme Daten<\/strong>: z. B. Ihre IP-Adresse, Ihr geografischer Standort, Ihr Browsertyp und Ihr Betriebssystem.<\/li><\/ul><p><strong>Wie wir Ihre Informationen verwenden<\/strong><\/p><p>Wir verwenden die gesammelten Informationen f\u00fcr die folgenden Zwecke:<\/p><ul><li>Zur Bereitstellung, zum Betrieb und zur Pflege unserer Website<\/li><li>Zur Verbesserung, Personalisierung und Erweiterung unserer Website<\/li><li>Um zu verstehen und zu analysieren, wie Sie unsere Website nutzen<\/li><li>Mit Ihnen kommunizieren<\/li><\/ul><p><strong>Datenschutzbestimmungen von Dritten<\/strong><\/p><p>Die Datenschutzrichtlinien von PPP Power People Project gelten nicht f\u00fcr andere Werbetreibende oder Websites.<br \/>Daher empfehlen wir Ihnen, die jeweiligen Datenschutzrichtlinien der Werbeserver von Drittanbietern zu lesen, um genauere Informationen zu erhalten.<\/p><p><strong>GDPR-Datenschutzrechte<\/strong><\/p><p>Wenn Sie in der EU ans\u00e4ssig sind, haben Sie nach der DSGVO verschiedene Rechte, darunter das Recht, auf die von uns gespeicherten Daten zuzugreifen, sie zu aktualisieren oder zu l\u00f6schen.<\/p><p><strong>Zustimmung<\/strong><\/p><p>Durch die Nutzung unserer Website erkl\u00e4ren Sie sich mit unserer Datenschutzpolitik einverstanden und akzeptieren deren Bedingungen.<\/p><p><strong>\u00c4nderungen an dieser Politik<\/strong><\/p><p>Wir k\u00f6nnen diese Cookie- und Datenschutzrichtlinie von Zeit zu Zeit aktualisieren.<br \/>Wir werden Sie \u00fcber alle \u00c4nderungen informieren, indem wir die neue Datenschutzrichtlinie auf dieser Seite ver\u00f6ffentlichen.<\/p><p><strong>Kontaktieren Sie uns<\/strong><\/p><p>Wenn Sie weitere Fragen haben oder mehr Informationen \u00fcber unsere Cookie- und Datenschutzpolitik ben\u00f6tigen, z\u00f6gern Sie bitte nicht, uns zu kontaktieren.<\/p><ul><li>E-Mail: mm@hedonistphoto.com<\/li><li>Anschrift: Hedonist Photo, Telegade 1, 1., 2630 Taastrup, D\u00e4nemark<\/li><\/ul><p><br \/>Diese Police ist g\u00fcltig ab 15.11.2024<\/p>\t\t\t\t\t\t\t\t<\/div>\n\t\t\t\t<\/div>\n\t\t\t\t\t<\/div>\n\t\t\t\t<\/div>\n\t\t\t\t<\/div>\n\t\t","protected":false},"excerpt":{"rendered":"<p>Cookies und Datenschutzbestimmungen \u00a0 Gilt f\u00fcr PPP &#8211; Power People Project\u2122 Hedonist Photo &#8211; Visuals &amp; SEO CVR-Nummer: 43612395\u00a0 Anschrift: Telegade 1, 1., 2630 Taastrup, D\u00e4nemark Einf\u00fchrung F\u00fcr PPP &#8211; Power People Project ist der Schutz der Privatsph\u00e4re unserer Besucher eine unserer h\u00f6chsten Priorit\u00e4ten.Diese Cookie- und Datenschutzrichtlinie beschreibt die Arten von Informationen, die von powerpeopleproject.com [&hellip;]<\/p>\n","protected":false},"author":1,"featured_media":0,"parent":0,"menu_order":0,"comment_status":"closed","ping_status":"closed","template":"","meta":{"footnotes":""},"class_list":["post-320","page","type-page","status-publish","hentry"],"_links":{"self":[{"href":"https:\/\/join.powerpeopleproject.com\/de\/wp-json\/wp\/v2\/pages\/320","targetHints":{"allow":["GET"]}}],"collection":[{"href":"https:\/\/join.powerpeopleproject.com\/de\/wp-json\/wp\/v2\/pages"}],"about":[{"href":"https:\/\/join.powerpeopleproject.com\/de\/wp-json\/wp\/v2\/types\/page"}],"author":[{"embeddable":true,"href":"https:\/\/join.powerpeopleproject.com\/de\/wp-json\/wp\/v2\/users\/1"}],"replies":[{"embeddable":true,"href":"https:\/\/join.powerpeopleproject.com\/de\/wp-json\/wp\/v2\/comments?post=320"}],"version-history":[{"count":5,"href":"https:\/\/join.powerpeopleproject.com\/de\/wp-json\/wp\/v2\/pages\/320\/revisions"}],"predecessor-version":[{"id":1032,"href":"https:\/\/join.powerpeopleproject.com\/de\/wp-json\/wp\/v2\/pages\/320\/revisions\/1032"}],"wp:attachment":[{"href":"https:\/\/join.powerpeopleproject.com\/de\/wp-json\/wp\/v2\/media?parent=320"}],"curies":[{"name":"wp","href":"https:\/\/api.w.org\/{rel}","templated":true}]}}